{"id":429,"date":"2020-11-11T11:45:31","date_gmt":"2020-11-11T10:45:31","guid":{"rendered":"https:\/\/www.domace-produkty.eu\/?post_type=product&#038;p=429"},"modified":"2023-01-20T14:20:59","modified_gmt":"2023-01-20T13:20:59","slug":"sirup-prieduskac","status":"publish","type":"product","link":"https:\/\/www.domace-produkty.eu\/?product=sirup-prieduskac","title":{"rendered":"Sirup Priedu\u0161k\u00e1\u010d"},"content":{"rendered":"<p>Objem: 200ml<\/p>\n<p>Celkov\u00e1 hmotnos\u0165: 480g<\/p>\n","protected":false},"excerpt":{"rendered":"<p>Sirup je vyroben\u00fd z macer\u00e1tu skorocelov\u00fdch listov, d\u00fa\u0161ky tymi\u00e1novej\u00a0 a d\u00fa\u0161ky materinej. Je v\u00fdborn\u00fd pri chorob\u00e1ch d\u00fdchac\u00edch ciest, zahlienen\u00fdch priedu\u0161k\u00e1ch a p\u013e\u00facach. Pom\u00e1ha uvo\u013e\u0148ova\u0165 hlieny z d\u00fdchac\u00edch ciest a umo\u017e\u0148uje ich n\u00e1sledn\u00e9 \u013eah\u0161ie vyka\u0161lanie.<\/p>\n<p>Odpor\u00fa\u010dam pou\u017e\u00edva\u0165 iba ako lie\u010div\u00fd sirup pri ka\u0161li.<\/p>\n<p>U\u017e\u00edva sa 1 ly\u017ei\u010dka 3kr\u00e1t denne .<\/p>\n<p>&nbsp;<\/p>\n<p>Obsah 200 ml<\/p>\n<p><strong>\u00a0<\/strong><\/p>\n","protected":false},"featured_media":435,"template":"","meta":{"_monsterinsights_skip_tracking":false,"_monsterinsights_sitenote_active":false,"_monsterinsights_sitenote_note":"","_monsterinsights_sitenote_category":0},"product_brand":[],"product_cat":[19,31],"product_tag":[],"class_list":{"0":"post-429","1":"product","2":"type-product","3":"status-publish","4":"has-post-thumbnail","6":"product_cat-sirupy","7":"product_cat-sirupy-bylinkove","9":"first","10":"instock","11":"shipping-taxable","12":"purchasable","13":"product-type-simple"},"yoast_head":"<!-- This site is optimized with the Yoast SEO plugin v26.8 - https:\/\/yoast.com\/product\/yoast-seo-wordpress\/ -->\n<title>Sirup Priedu\u0161k\u00e1\u010d -<\/title>\n<meta name=\"robots\" content=\"index, follow, max-snippet:-1, max-image-preview:large, max-video-preview:-1\" \/>\n<link rel=\"canonical\" href=\"https:\/\/www.domace-produkty.eu\/?product=sirup-prieduskac\" \/>\n<meta property=\"og:locale\" content=\"sk_SK\" \/>\n<meta property=\"og:type\" content=\"article\" \/>\n<meta property=\"og:title\" content=\"Sirup Priedu\u0161k\u00e1\u010d -\" \/>\n<meta property=\"og:description\" content=\"Sirup je vyroben\u00fd z macer\u00e1tu skorocelov\u00fdch listov, d\u00fa\u0161ky tymi\u00e1novej\u00a0 a d\u00fa\u0161ky materinej. Je v\u00fdborn\u00fd pri chorob\u00e1ch d\u00fdchac\u00edch ciest, zahlienen\u00fdch priedu\u0161k\u00e1ch a p\u013e\u00facach. Pom\u00e1ha uvo\u013e\u0148ova\u0165 hlieny z d\u00fdchac\u00edch ciest a umo\u017e\u0148uje ich n\u00e1sledn\u00e9 \u013eah\u0161ie vyka\u0161lanie.  Odpor\u00fa\u010dam pou\u017e\u00edva\u0165 iba ako lie\u010div\u00fd sirup pri ka\u0161li.  U\u017e\u00edva sa 1 ly\u017ei\u010dka 3kr\u00e1t denne .  &nbsp;  Obsah 200 ml  \u00a0\" \/>\n<meta property=\"og:url\" content=\"https:\/\/www.domace-produkty.eu\/?product=sirup-prieduskac\" \/>\n<meta property=\"article:publisher\" content=\"https:\/\/www.facebook.com\/DomaceProduktyDobrotka\/\" \/>\n<meta property=\"article:modified_time\" content=\"2023-01-20T13:20:59+00:00\" \/>\n<meta property=\"og:image\" content=\"https:\/\/www.domace-produkty.eu\/wp-content\/uploads\/2020\/11\/sirup-priedu\u0161k\u00e1\u010d-scaled.jpg\" \/>\n\t<meta property=\"og:image:width\" content=\"1920\" \/>\n\t<meta property=\"og:image:height\" content=\"2560\" \/>\n\t<meta property=\"og:image:type\" content=\"image\/jpeg\" \/>\n<meta name=\"twitter:card\" content=\"summary_large_image\" \/>\n<script type=\"application\/ld+json\" class=\"yoast-schema-graph\">{\"@context\":\"https:\/\/schema.org\",\"@graph\":[{\"@type\":\"WebPage\",\"@id\":\"https:\/\/www.domace-produkty.eu\/?product=sirup-prieduskac\",\"url\":\"https:\/\/www.domace-produkty.eu\/?product=sirup-prieduskac\",\"name\":\"Sirup Priedu\u0161k\u00e1\u010d -\",\"isPartOf\":{\"@id\":\"https:\/\/www.domace-produkty.eu\/#website\"},\"primaryImageOfPage\":{\"@id\":\"https:\/\/www.domace-produkty.eu\/?product=sirup-prieduskac#primaryimage\"},\"image\":{\"@id\":\"https:\/\/www.domace-produkty.eu\/?product=sirup-prieduskac#primaryimage\"},\"thumbnailUrl\":\"https:\/\/www.domace-produkty.eu\/wp-content\/uploads\/2020\/11\/sirup-priedu\u0161k\u00e1\u010d-scaled.jpg\",\"datePublished\":\"2020-11-11T10:45:31+00:00\",\"dateModified\":\"2023-01-20T13:20:59+00:00\",\"breadcrumb\":{\"@id\":\"https:\/\/www.domace-produkty.eu\/?product=sirup-prieduskac#breadcrumb\"},\"inLanguage\":\"sk-SK\",\"potentialAction\":[{\"@type\":\"ReadAction\",\"target\":[\"https:\/\/www.domace-produkty.eu\/?product=sirup-prieduskac\"]}]},{\"@type\":\"ImageObject\",\"inLanguage\":\"sk-SK\",\"@id\":\"https:\/\/www.domace-produkty.eu\/?product=sirup-prieduskac#primaryimage\",\"url\":\"https:\/\/www.domace-produkty.eu\/wp-content\/uploads\/2020\/11\/sirup-priedu\u0161k\u00e1\u010d-scaled.jpg\",\"contentUrl\":\"https:\/\/www.domace-produkty.eu\/wp-content\/uploads\/2020\/11\/sirup-priedu\u0161k\u00e1\u010d-scaled.jpg\",\"width\":1920,\"height\":2560},{\"@type\":\"BreadcrumbList\",\"@id\":\"https:\/\/www.domace-produkty.eu\/?product=sirup-prieduskac#breadcrumb\",\"itemListElement\":[{\"@type\":\"ListItem\",\"position\":1,\"name\":\"Home\",\"item\":\"https:\/\/www.domace-produkty.eu\/\"},{\"@type\":\"ListItem\",\"position\":2,\"name\":\"Obchod\",\"item\":\"https:\/\/www.domace-produkty.eu\/?page_id=17\"},{\"@type\":\"ListItem\",\"position\":3,\"name\":\"Sirup Priedu\u0161k\u00e1\u010d\"}]},{\"@type\":\"WebSite\",\"@id\":\"https:\/\/www.domace-produkty.eu\/#website\",\"url\":\"https:\/\/www.domace-produkty.eu\/\",\"name\":\"domace-produkty.eu\",\"description\":\"\",\"publisher\":{\"@id\":\"https:\/\/www.domace-produkty.eu\/#organization\"},\"potentialAction\":[{\"@type\":\"SearchAction\",\"target\":{\"@type\":\"EntryPoint\",\"urlTemplate\":\"https:\/\/www.domace-produkty.eu\/?s={search_term_string}\"},\"query-input\":{\"@type\":\"PropertyValueSpecification\",\"valueRequired\":true,\"valueName\":\"search_term_string\"}}],\"inLanguage\":\"sk-SK\"},{\"@type\":\"Organization\",\"@id\":\"https:\/\/www.domace-produkty.eu\/#organization\",\"name\":\"So\u0148a Ad\u00e1mlov\u00e1 Farma Dobrotka\",\"url\":\"https:\/\/www.domace-produkty.eu\/\",\"logo\":{\"@type\":\"ImageObject\",\"inLanguage\":\"sk-SK\",\"@id\":\"https:\/\/www.domace-produkty.eu\/#\/schema\/logo\/image\/\",\"url\":\"https:\/\/www.domace-produkty.eu\/wp-content\/uploads\/2020\/05\/dobrotka_logo-final-1024x1024.png\",\"contentUrl\":\"https:\/\/www.domace-produkty.eu\/wp-content\/uploads\/2020\/05\/dobrotka_logo-final-1024x1024.png\",\"width\":1024,\"height\":1024,\"caption\":\"So\u0148a Ad\u00e1mlov\u00e1 Farma Dobrotka\"},\"image\":{\"@id\":\"https:\/\/www.domace-produkty.eu\/#\/schema\/logo\/image\/\"},\"sameAs\":[\"https:\/\/www.facebook.com\/DomaceProduktyDobrotka\/\"]}]}<\/script>\n<!-- \/ Yoast SEO plugin. -->","yoast_head_json":{"title":"Sirup Priedu\u0161k\u00e1\u010d -","robots":{"index":"index","follow":"follow","max-snippet":"max-snippet:-1","max-image-preview":"max-image-preview:large","max-video-preview":"max-video-preview:-1"},"canonical":"https:\/\/www.domace-produkty.eu\/?product=sirup-prieduskac","og_locale":"sk_SK","og_type":"article","og_title":"Sirup Priedu\u0161k\u00e1\u010d -","og_description":"Sirup je vyroben\u00fd z macer\u00e1tu skorocelov\u00fdch listov, d\u00fa\u0161ky tymi\u00e1novej\u00a0 a d\u00fa\u0161ky materinej. Je v\u00fdborn\u00fd pri chorob\u00e1ch d\u00fdchac\u00edch ciest, zahlienen\u00fdch priedu\u0161k\u00e1ch a p\u013e\u00facach. Pom\u00e1ha uvo\u013e\u0148ova\u0165 hlieny z d\u00fdchac\u00edch ciest a umo\u017e\u0148uje ich n\u00e1sledn\u00e9 \u013eah\u0161ie vyka\u0161lanie.  Odpor\u00fa\u010dam pou\u017e\u00edva\u0165 iba ako lie\u010div\u00fd sirup pri ka\u0161li.  U\u017e\u00edva sa 1 ly\u017ei\u010dka 3kr\u00e1t denne .  &nbsp;  Obsah 200 ml  \u00a0","og_url":"https:\/\/www.domace-produkty.eu\/?product=sirup-prieduskac","article_publisher":"https:\/\/www.facebook.com\/DomaceProduktyDobrotka\/","article_modified_time":"2023-01-20T13:20:59+00:00","og_image":[{"width":1920,"height":2560,"url":"https:\/\/www.domace-produkty.eu\/wp-content\/uploads\/2020\/11\/sirup-priedu\u0161k\u00e1\u010d-scaled.jpg","type":"image\/jpeg"}],"twitter_card":"summary_large_image","schema":{"@context":"https:\/\/schema.org","@graph":[{"@type":"WebPage","@id":"https:\/\/www.domace-produkty.eu\/?product=sirup-prieduskac","url":"https:\/\/www.domace-produkty.eu\/?product=sirup-prieduskac","name":"Sirup Priedu\u0161k\u00e1\u010d -","isPartOf":{"@id":"https:\/\/www.domace-produkty.eu\/#website"},"primaryImageOfPage":{"@id":"https:\/\/www.domace-produkty.eu\/?product=sirup-prieduskac#primaryimage"},"image":{"@id":"https:\/\/www.domace-produkty.eu\/?product=sirup-prieduskac#primaryimage"},"thumbnailUrl":"https:\/\/www.domace-produkty.eu\/wp-content\/uploads\/2020\/11\/sirup-priedu\u0161k\u00e1\u010d-scaled.jpg","datePublished":"2020-11-11T10:45:31+00:00","dateModified":"2023-01-20T13:20:59+00:00","breadcrumb":{"@id":"https:\/\/www.domace-produkty.eu\/?product=sirup-prieduskac#breadcrumb"},"inLanguage":"sk-SK","potentialAction":[{"@type":"ReadAction","target":["https:\/\/www.domace-produkty.eu\/?product=sirup-prieduskac"]}]},{"@type":"ImageObject","inLanguage":"sk-SK","@id":"https:\/\/www.domace-produkty.eu\/?product=sirup-prieduskac#primaryimage","url":"https:\/\/www.domace-produkty.eu\/wp-content\/uploads\/2020\/11\/sirup-priedu\u0161k\u00e1\u010d-scaled.jpg","contentUrl":"https:\/\/www.domace-produkty.eu\/wp-content\/uploads\/2020\/11\/sirup-priedu\u0161k\u00e1\u010d-scaled.jpg","width":1920,"height":2560},{"@type":"BreadcrumbList","@id":"https:\/\/www.domace-produkty.eu\/?product=sirup-prieduskac#breadcrumb","itemListElement":[{"@type":"ListItem","position":1,"name":"Home","item":"https:\/\/www.domace-produkty.eu\/"},{"@type":"ListItem","position":2,"name":"Obchod","item":"https:\/\/www.domace-produkty.eu\/?page_id=17"},{"@type":"ListItem","position":3,"name":"Sirup Priedu\u0161k\u00e1\u010d"}]},{"@type":"WebSite","@id":"https:\/\/www.domace-produkty.eu\/#website","url":"https:\/\/www.domace-produkty.eu\/","name":"domace-produkty.eu","description":"","publisher":{"@id":"https:\/\/www.domace-produkty.eu\/#organization"},"potentialAction":[{"@type":"SearchAction","target":{"@type":"EntryPoint","urlTemplate":"https:\/\/www.domace-produkty.eu\/?s={search_term_string}"},"query-input":{"@type":"PropertyValueSpecification","valueRequired":true,"valueName":"search_term_string"}}],"inLanguage":"sk-SK"},{"@type":"Organization","@id":"https:\/\/www.domace-produkty.eu\/#organization","name":"So\u0148a Ad\u00e1mlov\u00e1 Farma Dobrotka","url":"https:\/\/www.domace-produkty.eu\/","logo":{"@type":"ImageObject","inLanguage":"sk-SK","@id":"https:\/\/www.domace-produkty.eu\/#\/schema\/logo\/image\/","url":"https:\/\/www.domace-produkty.eu\/wp-content\/uploads\/2020\/05\/dobrotka_logo-final-1024x1024.png","contentUrl":"https:\/\/www.domace-produkty.eu\/wp-content\/uploads\/2020\/05\/dobrotka_logo-final-1024x1024.png","width":1024,"height":1024,"caption":"So\u0148a Ad\u00e1mlov\u00e1 Farma Dobrotka"},"image":{"@id":"https:\/\/www.domace-produkty.eu\/#\/schema\/logo\/image\/"},"sameAs":["https:\/\/www.facebook.com\/DomaceProduktyDobrotka\/"]}]}},"jetpack_sharing_enabled":true,"_links":{"self":[{"href":"https:\/\/www.domace-produkty.eu\/index.php?rest_route=\/wp\/v2\/product\/429","targetHints":{"allow":["GET"]}}],"collection":[{"href":"https:\/\/www.domace-produkty.eu\/index.php?rest_route=\/wp\/v2\/product"}],"about":[{"href":"https:\/\/www.domace-produkty.eu\/index.php?rest_route=\/wp\/v2\/types\/product"}],"wp:featuredmedia":[{"embeddable":true,"href":"https:\/\/www.domace-produkty.eu\/index.php?rest_route=\/wp\/v2\/media\/435"}],"wp:attachment":[{"href":"https:\/\/www.domace-produkty.eu\/index.php?rest_route=%2Fwp%2Fv2%2Fmedia&parent=429"}],"wp:term":[{"taxonomy":"product_brand","embeddable":true,"href":"https:\/\/www.domace-produkty.eu\/index.php?rest_route=%2Fwp%2Fv2%2Fproduct_brand&post=429"},{"taxonomy":"product_cat","embeddable":true,"href":"https:\/\/www.domace-produkty.eu\/index.php?rest_route=%2Fwp%2Fv2%2Fproduct_cat&post=429"},{"taxonomy":"product_tag","embeddable":true,"href":"https:\/\/www.domace-produkty.eu\/index.php?rest_route=%2Fwp%2Fv2%2Fproduct_tag&post=429"}],"curies":[{"name":"wp","href":"https:\/\/api.w.org\/{rel}","templated":true}]}}