{"id":66,"date":"2020-05-11T15:01:43","date_gmt":"2020-05-11T13:01:43","guid":{"rendered":"https:\/\/www.domace-produkty.eu\/?post_type=product&#038;p=66"},"modified":"2025-02-12T10:57:22","modified_gmt":"2025-02-12T09:57:22","slug":"lipovy-sirup","status":"publish","type":"product","link":"https:\/\/www.domace-produkty.eu\/?product=lipovy-sirup","title":{"rendered":"Lipov\u00fd sirup"},"content":{"rendered":"<p><strong>Zlo\u017eenie<\/strong> 15 % v\u00fdluh z\u00a0 , citr\u00f3novej tr\u00e1vy, \u0161\u0165ava z citr\u00f3nov, trstinov\u00fd cukor, cukor, regul\u00e1tor kyslosti \u2013 kyselina citr\u00f3nov\u00e1 .<\/p>\n<p>&nbsp;<\/p>\n<p><strong>Upozornenie <\/strong>Po otvoren\u00ed uchovajte v chlade a spotrebujte do 10 dn\u00ed . Pred pou\u017eit\u00edm pretrepa\u0165. Usadenina nieje na z\u00e1vadu.<\/p>\n<p>&nbsp;<\/p>\n<p><strong>Obsah 2<\/strong>00 ml hmotnos\u0165 &#8211; 470g<\/p>\n<p>500 ml\u00a0<strong>hmotnos\u0165 &#8211;<\/strong>\u00a0930g<\/p>\n","protected":false},"excerpt":{"rendered":"<p>Bylinn\u00fd sirup vyroben\u00fd z kvetov Lipy ve\u013ekolistej. Sirup je v\u00fdborn\u00fd na pr\u00edpravu osvie\u017euj\u00facich limon\u00e1d , ale aj na pr\u00edpravu hor\u00faceho n\u00e1poja.<\/p>\n<p>Lipa sa pou\u017e\u00edva pri prechladnut\u00ed, podporuje potenie, ktor\u00e9 pom\u00e1ha organizmu sa zbavi\u0165 \u0161kodliv\u00fdch l\u00e1tok z tela.<\/p>\n<p>Zmier\u0148uje a odstra\u0148uje ka\u0161el, bolesti krku.<\/p>\n<p>&nbsp;<\/p>\n","protected":false},"featured_media":69,"template":"","meta":{"_monsterinsights_skip_tracking":false,"_monsterinsights_sitenote_active":false,"_monsterinsights_sitenote_note":"","_monsterinsights_sitenote_category":0},"product_brand":[],"product_cat":[19,31],"product_tag":[],"class_list":{"0":"post-66","1":"product","2":"type-product","3":"status-publish","4":"has-post-thumbnail","6":"product_cat-sirupy","7":"product_cat-sirupy-bylinkove","9":"first","10":"instock","11":"shipping-taxable","12":"purchasable","13":"product-type-variable"},"yoast_head":"<!-- This site is optimized with the Yoast SEO plugin v26.8 - https:\/\/yoast.com\/product\/yoast-seo-wordpress\/ -->\n<title>Lipov\u00fd sirup -<\/title>\n<meta name=\"robots\" content=\"index, follow, max-snippet:-1, max-image-preview:large, max-video-preview:-1\" \/>\n<link rel=\"canonical\" href=\"https:\/\/www.domace-produkty.eu\/?product=lipovy-sirup\" \/>\n<meta property=\"og:locale\" content=\"sk_SK\" \/>\n<meta property=\"og:type\" content=\"article\" \/>\n<meta property=\"og:title\" content=\"Lipov\u00fd sirup -\" \/>\n<meta property=\"og:description\" content=\"Bylinn\u00fd sirup vyroben\u00fd z kvetov Lipy ve\u013ekolistej. Sirup je v\u00fdborn\u00fd na pr\u00edpravu osvie\u017euj\u00facich limon\u00e1d , ale aj na pr\u00edpravu hor\u00faceho n\u00e1poja.  Lipa sa pou\u017e\u00edva pri prechladnut\u00ed, podporuje potenie, ktor\u00e9 pom\u00e1ha organizmu sa zbavi\u0165 \u0161kodliv\u00fdch l\u00e1tok z tela.  Zmier\u0148uje a odstra\u0148uje ka\u0161el, bolesti krku.  &nbsp;\" \/>\n<meta property=\"og:url\" content=\"https:\/\/www.domace-produkty.eu\/?product=lipovy-sirup\" \/>\n<meta property=\"article:publisher\" content=\"https:\/\/www.facebook.com\/DomaceProduktyDobrotka\/\" \/>\n<meta property=\"article:modified_time\" content=\"2025-02-12T09:57:22+00:00\" \/>\n<meta property=\"og:image\" content=\"https:\/\/www.domace-produkty.eu\/wp-content\/uploads\/2020\/05\/lipovy-sirup-velky-scaled.jpg\" \/>\n\t<meta property=\"og:image:width\" content=\"1920\" \/>\n\t<meta property=\"og:image:height\" content=\"2560\" \/>\n\t<meta property=\"og:image:type\" content=\"image\/jpeg\" \/>\n<meta name=\"twitter:card\" content=\"summary_large_image\" \/>\n<meta name=\"twitter:label1\" content=\"Predpokladan\u00fd \u010das \u010d\u00edtania\" \/>\n\t<meta name=\"twitter:data1\" content=\"1 min\u00fata\" \/>\n<script type=\"application\/ld+json\" class=\"yoast-schema-graph\">{\"@context\":\"https:\/\/schema.org\",\"@graph\":[{\"@type\":\"WebPage\",\"@id\":\"https:\/\/www.domace-produkty.eu\/?product=lipovy-sirup\",\"url\":\"https:\/\/www.domace-produkty.eu\/?product=lipovy-sirup\",\"name\":\"Lipov\u00fd sirup -\",\"isPartOf\":{\"@id\":\"https:\/\/www.domace-produkty.eu\/#website\"},\"primaryImageOfPage\":{\"@id\":\"https:\/\/www.domace-produkty.eu\/?product=lipovy-sirup#primaryimage\"},\"image\":{\"@id\":\"https:\/\/www.domace-produkty.eu\/?product=lipovy-sirup#primaryimage\"},\"thumbnailUrl\":\"https:\/\/www.domace-produkty.eu\/wp-content\/uploads\/2020\/05\/lipovy-sirup-velky-scaled.jpg\",\"datePublished\":\"2020-05-11T13:01:43+00:00\",\"dateModified\":\"2025-02-12T09:57:22+00:00\",\"breadcrumb\":{\"@id\":\"https:\/\/www.domace-produkty.eu\/?product=lipovy-sirup#breadcrumb\"},\"inLanguage\":\"sk-SK\",\"potentialAction\":[{\"@type\":\"ReadAction\",\"target\":[\"https:\/\/www.domace-produkty.eu\/?product=lipovy-sirup\"]}]},{\"@type\":\"ImageObject\",\"inLanguage\":\"sk-SK\",\"@id\":\"https:\/\/www.domace-produkty.eu\/?product=lipovy-sirup#primaryimage\",\"url\":\"https:\/\/www.domace-produkty.eu\/wp-content\/uploads\/2020\/05\/lipovy-sirup-velky-scaled.jpg\",\"contentUrl\":\"https:\/\/www.domace-produkty.eu\/wp-content\/uploads\/2020\/05\/lipovy-sirup-velky-scaled.jpg\",\"width\":1920,\"height\":2560,\"caption\":\"lipov\u00fd sirup z farmy Dobrotka\"},{\"@type\":\"BreadcrumbList\",\"@id\":\"https:\/\/www.domace-produkty.eu\/?product=lipovy-sirup#breadcrumb\",\"itemListElement\":[{\"@type\":\"ListItem\",\"position\":1,\"name\":\"Home\",\"item\":\"https:\/\/www.domace-produkty.eu\/\"},{\"@type\":\"ListItem\",\"position\":2,\"name\":\"Obchod\",\"item\":\"https:\/\/www.domace-produkty.eu\/?page_id=17\"},{\"@type\":\"ListItem\",\"position\":3,\"name\":\"Lipov\u00fd sirup\"}]},{\"@type\":\"WebSite\",\"@id\":\"https:\/\/www.domace-produkty.eu\/#website\",\"url\":\"https:\/\/www.domace-produkty.eu\/\",\"name\":\"domace-produkty.eu\",\"description\":\"\",\"publisher\":{\"@id\":\"https:\/\/www.domace-produkty.eu\/#organization\"},\"potentialAction\":[{\"@type\":\"SearchAction\",\"target\":{\"@type\":\"EntryPoint\",\"urlTemplate\":\"https:\/\/www.domace-produkty.eu\/?s={search_term_string}\"},\"query-input\":{\"@type\":\"PropertyValueSpecification\",\"valueRequired\":true,\"valueName\":\"search_term_string\"}}],\"inLanguage\":\"sk-SK\"},{\"@type\":\"Organization\",\"@id\":\"https:\/\/www.domace-produkty.eu\/#organization\",\"name\":\"So\u0148a Ad\u00e1mlov\u00e1 Farma Dobrotka\",\"url\":\"https:\/\/www.domace-produkty.eu\/\",\"logo\":{\"@type\":\"ImageObject\",\"inLanguage\":\"sk-SK\",\"@id\":\"https:\/\/www.domace-produkty.eu\/#\/schema\/logo\/image\/\",\"url\":\"https:\/\/www.domace-produkty.eu\/wp-content\/uploads\/2020\/05\/dobrotka_logo-final-1024x1024.png\",\"contentUrl\":\"https:\/\/www.domace-produkty.eu\/wp-content\/uploads\/2020\/05\/dobrotka_logo-final-1024x1024.png\",\"width\":1024,\"height\":1024,\"caption\":\"So\u0148a Ad\u00e1mlov\u00e1 Farma Dobrotka\"},\"image\":{\"@id\":\"https:\/\/www.domace-produkty.eu\/#\/schema\/logo\/image\/\"},\"sameAs\":[\"https:\/\/www.facebook.com\/DomaceProduktyDobrotka\/\"]}]}<\/script>\n<!-- \/ Yoast SEO plugin. -->","yoast_head_json":{"title":"Lipov\u00fd sirup -","robots":{"index":"index","follow":"follow","max-snippet":"max-snippet:-1","max-image-preview":"max-image-preview:large","max-video-preview":"max-video-preview:-1"},"canonical":"https:\/\/www.domace-produkty.eu\/?product=lipovy-sirup","og_locale":"sk_SK","og_type":"article","og_title":"Lipov\u00fd sirup -","og_description":"Bylinn\u00fd sirup vyroben\u00fd z kvetov Lipy ve\u013ekolistej. Sirup je v\u00fdborn\u00fd na pr\u00edpravu osvie\u017euj\u00facich limon\u00e1d , ale aj na pr\u00edpravu hor\u00faceho n\u00e1poja.  Lipa sa pou\u017e\u00edva pri prechladnut\u00ed, podporuje potenie, ktor\u00e9 pom\u00e1ha organizmu sa zbavi\u0165 \u0161kodliv\u00fdch l\u00e1tok z tela.  Zmier\u0148uje a odstra\u0148uje ka\u0161el, bolesti krku.  &nbsp;","og_url":"https:\/\/www.domace-produkty.eu\/?product=lipovy-sirup","article_publisher":"https:\/\/www.facebook.com\/DomaceProduktyDobrotka\/","article_modified_time":"2025-02-12T09:57:22+00:00","og_image":[{"width":1920,"height":2560,"url":"https:\/\/www.domace-produkty.eu\/wp-content\/uploads\/2020\/05\/lipovy-sirup-velky-scaled.jpg","type":"image\/jpeg"}],"twitter_card":"summary_large_image","twitter_misc":{"Predpokladan\u00fd \u010das \u010d\u00edtania":"1 min\u00fata"},"schema":{"@context":"https:\/\/schema.org","@graph":[{"@type":"WebPage","@id":"https:\/\/www.domace-produkty.eu\/?product=lipovy-sirup","url":"https:\/\/www.domace-produkty.eu\/?product=lipovy-sirup","name":"Lipov\u00fd sirup -","isPartOf":{"@id":"https:\/\/www.domace-produkty.eu\/#website"},"primaryImageOfPage":{"@id":"https:\/\/www.domace-produkty.eu\/?product=lipovy-sirup#primaryimage"},"image":{"@id":"https:\/\/www.domace-produkty.eu\/?product=lipovy-sirup#primaryimage"},"thumbnailUrl":"https:\/\/www.domace-produkty.eu\/wp-content\/uploads\/2020\/05\/lipovy-sirup-velky-scaled.jpg","datePublished":"2020-05-11T13:01:43+00:00","dateModified":"2025-02-12T09:57:22+00:00","breadcrumb":{"@id":"https:\/\/www.domace-produkty.eu\/?product=lipovy-sirup#breadcrumb"},"inLanguage":"sk-SK","potentialAction":[{"@type":"ReadAction","target":["https:\/\/www.domace-produkty.eu\/?product=lipovy-sirup"]}]},{"@type":"ImageObject","inLanguage":"sk-SK","@id":"https:\/\/www.domace-produkty.eu\/?product=lipovy-sirup#primaryimage","url":"https:\/\/www.domace-produkty.eu\/wp-content\/uploads\/2020\/05\/lipovy-sirup-velky-scaled.jpg","contentUrl":"https:\/\/www.domace-produkty.eu\/wp-content\/uploads\/2020\/05\/lipovy-sirup-velky-scaled.jpg","width":1920,"height":2560,"caption":"lipov\u00fd sirup z farmy Dobrotka"},{"@type":"BreadcrumbList","@id":"https:\/\/www.domace-produkty.eu\/?product=lipovy-sirup#breadcrumb","itemListElement":[{"@type":"ListItem","position":1,"name":"Home","item":"https:\/\/www.domace-produkty.eu\/"},{"@type":"ListItem","position":2,"name":"Obchod","item":"https:\/\/www.domace-produkty.eu\/?page_id=17"},{"@type":"ListItem","position":3,"name":"Lipov\u00fd sirup"}]},{"@type":"WebSite","@id":"https:\/\/www.domace-produkty.eu\/#website","url":"https:\/\/www.domace-produkty.eu\/","name":"domace-produkty.eu","description":"","publisher":{"@id":"https:\/\/www.domace-produkty.eu\/#organization"},"potentialAction":[{"@type":"SearchAction","target":{"@type":"EntryPoint","urlTemplate":"https:\/\/www.domace-produkty.eu\/?s={search_term_string}"},"query-input":{"@type":"PropertyValueSpecification","valueRequired":true,"valueName":"search_term_string"}}],"inLanguage":"sk-SK"},{"@type":"Organization","@id":"https:\/\/www.domace-produkty.eu\/#organization","name":"So\u0148a Ad\u00e1mlov\u00e1 Farma Dobrotka","url":"https:\/\/www.domace-produkty.eu\/","logo":{"@type":"ImageObject","inLanguage":"sk-SK","@id":"https:\/\/www.domace-produkty.eu\/#\/schema\/logo\/image\/","url":"https:\/\/www.domace-produkty.eu\/wp-content\/uploads\/2020\/05\/dobrotka_logo-final-1024x1024.png","contentUrl":"https:\/\/www.domace-produkty.eu\/wp-content\/uploads\/2020\/05\/dobrotka_logo-final-1024x1024.png","width":1024,"height":1024,"caption":"So\u0148a Ad\u00e1mlov\u00e1 Farma Dobrotka"},"image":{"@id":"https:\/\/www.domace-produkty.eu\/#\/schema\/logo\/image\/"},"sameAs":["https:\/\/www.facebook.com\/DomaceProduktyDobrotka\/"]}]}},"jetpack_sharing_enabled":true,"_links":{"self":[{"href":"https:\/\/www.domace-produkty.eu\/index.php?rest_route=\/wp\/v2\/product\/66","targetHints":{"allow":["GET"]}}],"collection":[{"href":"https:\/\/www.domace-produkty.eu\/index.php?rest_route=\/wp\/v2\/product"}],"about":[{"href":"https:\/\/www.domace-produkty.eu\/index.php?rest_route=\/wp\/v2\/types\/product"}],"wp:featuredmedia":[{"embeddable":true,"href":"https:\/\/www.domace-produkty.eu\/index.php?rest_route=\/wp\/v2\/media\/69"}],"wp:attachment":[{"href":"https:\/\/www.domace-produkty.eu\/index.php?rest_route=%2Fwp%2Fv2%2Fmedia&parent=66"}],"wp:term":[{"taxonomy":"product_brand","embeddable":true,"href":"https:\/\/www.domace-produkty.eu\/index.php?rest_route=%2Fwp%2Fv2%2Fproduct_brand&post=66"},{"taxonomy":"product_cat","embeddable":true,"href":"https:\/\/www.domace-produkty.eu\/index.php?rest_route=%2Fwp%2Fv2%2Fproduct_cat&post=66"},{"taxonomy":"product_tag","embeddable":true,"href":"https:\/\/www.domace-produkty.eu\/index.php?rest_route=%2Fwp%2Fv2%2Fproduct_tag&post=66"}],"curies":[{"name":"wp","href":"https:\/\/api.w.org\/{rel}","templated":true}]}}